{"id":9298,"date":"2025-10-10T07:53:02","date_gmt":"2025-10-10T05:53:02","guid":{"rendered":"https:\/\/expandlabs.ro\/?page_id=9298"},"modified":"2025-10-10T08:07:14","modified_gmt":"2025-10-10T06:07:14","slug":"dnacore","status":"publish","type":"page","link":"https:\/\/expandlabs.ro\/en\/dnacore\/","title":{"rendered":"DNACORE"},"content":{"rendered":"<div data-elementor-type=\"wp-page\" data-elementor-id=\"9298\" class=\"elementor elementor-9298\" data-elementor-post-type=\"page\">\n\t\t\t\t<div class=\"elementor-element elementor-element-576de5e e-con-full e-flex wpr-particle-no wpr-jarallax-no wpr-parallax-no wpr-sticky-section-no e-con e-parent\" data-id=\"576de5e\" data-element_type=\"container\" data-settings=\"{&quot;background_background&quot;:&quot;classic&quot;}\">\n\t\t\t\t<div class=\"elementor-element elementor-element-16117ef exad-sticky-section-no exad-glass-effect-no elementor-widget elementor-widget-heading\" data-id=\"16117ef\" data-element_type=\"widget\" data-widget_type=\"heading.default\">\n\t\t\t\t<div class=\"elementor-widget-container\">\n\t\t\t\t\t<h2 class=\"elementor-heading-title elementor-size-default\">DNACORE<\/h2>\t\t\t\t<\/div>\n\t\t\t\t<\/div>\n\t\t\t\t<div class=\"exad-link-anything-wrapper elementor-element elementor-element-286666e elementor-align-center exad-sticky-section-no exad-glass-effect-no elementor-widget elementor-widget-button\" data-exad-element-link=\"{&quot;url&quot;:&quot;https:\\\/\\\/expandlabs.ro\\\/cumpara\\\/&quot;,&quot;is_external&quot;:&quot;&quot;,&quot;nofollow&quot;:&quot;&quot;,&quot;custom_attributes&quot;:&quot;&quot;}\" style=\"cursor: pointer\" data-id=\"286666e\" data-element_type=\"widget\" data-widget_type=\"button.default\">\n\t\t\t\t<div class=\"elementor-widget-container\">\n\t\t\t\t\t\t\t\t\t<div class=\"elementor-button-wrapper\">\n\t\t\t\t\t<a class=\"elementor-button elementor-button-link elementor-size-sm\" href=\"#formular\">\n\t\t\t\t\t\t<span class=\"elementor-button-content-wrapper\">\n\t\t\t\t\t\t\t\t\t<span class=\"elementor-button-text\">Book now<\/span>\n\t\t\t\t\t<\/span>\n\t\t\t\t\t<\/a>\n\t\t\t\t<\/div>\n\t\t\t\t\t\t\t\t<\/div>\n\t\t\t\t<\/div>\n\t\t\t\t<\/div>\n\t\t<div class=\"elementor-element elementor-element-a6fc92d e-flex e-con-boxed wpr-particle-no wpr-jarallax-no wpr-parallax-no wpr-sticky-section-no e-con e-parent\" data-id=\"a6fc92d\" data-element_type=\"container\" data-settings=\"{&quot;background_background&quot;:&quot;classic&quot;}\">\n\t\t\t\t\t<div class=\"e-con-inner\">\n\t\t\t\t<div class=\"elementor-element elementor-element-9f1be11 exad-sticky-section-no exad-glass-effect-no elementor-widget elementor-widget-spacer\" data-id=\"9f1be11\" data-element_type=\"widget\" data-widget_type=\"spacer.default\">\n\t\t\t\t<div class=\"elementor-widget-container\">\n\t\t\t\t\t\t\t<div class=\"elementor-spacer\">\n\t\t\t<div class=\"elementor-spacer-inner\"><\/div>\n\t\t<\/div>\n\t\t\t\t\t\t<\/div>\n\t\t\t\t<\/div>\n\t\t<div class=\"elementor-element elementor-element-998cb96 e-con-full e-flex wpr-particle-no wpr-jarallax-no wpr-parallax-no wpr-sticky-section-no e-con e-child\" data-id=\"998cb96\" data-element_type=\"container\">\n\t\t\t\t<div class=\"elementor-element elementor-element-dbb83dc exad-sticky-section-no exad-glass-effect-no elementor-widget elementor-widget-heading\" data-id=\"dbb83dc\" data-element_type=\"widget\" data-widget_type=\"heading.default\">\n\t\t\t\t<div class=\"elementor-widget-container\">\n\t\t\t\t\t<h2 class=\"elementor-heading-title elementor-size-default\">Ce este DNACore?<\/h2>\t\t\t\t<\/div>\n\t\t\t\t<\/div>\n\t\t\t\t<\/div>\n\t\t\t\t<div class=\"elementor-element elementor-element-eb0f330 exad-sticky-section-no exad-glass-effect-no elementor-widget elementor-widget-text-editor\" data-id=\"eb0f330\" data-element_type=\"widget\" data-widget_type=\"text-editor.default\">\n\t\t\t\t<div class=\"elementor-widget-container\">\n\t\t\t\t\t\t\t\t\t<p data-start=\"0\" data-end=\"344\">DNACore este testul nostru principal, conceput pentru a folosi <strong data-start=\"86\" data-end=\"98\">genetica<\/strong> drept funda\u021bie \u00een crearea de <strong data-start=\"128\" data-end=\"157\">personalized interventions<\/strong> pentru \u00eembun\u0103t\u0103\u021birea s\u0103n\u0103t\u0103\u021bii.<br data-start=\"189\" data-end=\"192\" \/>Acesta reune\u0219te informa\u021biile din trei teste existente \u2013 <strong data-start=\"248\" data-end=\"262\">DNA Health<\/strong>, <strong data-start=\"264\" data-end=\"276\">DNA Diet<\/strong> and <strong data-start=\"280\" data-end=\"293\">DNA Sport<\/strong> \u2013 \u00eentr-un <strong data-start=\"304\" data-end=\"341\">raport complet \u0219i u\u0219or de \u00een\u021beles<\/strong>.<\/p><p data-start=\"0\" data-end=\"344\">\u00a0<\/p>\t\t\t\t\t\t\t\t<\/div>\n\t\t\t\t<\/div>\n\t\t\t\t<div class=\"elementor-element elementor-element-f85bbc0 exad-sticky-section-no exad-glass-effect-no elementor-widget elementor-widget-heading\" data-id=\"f85bbc0\" data-element_type=\"widget\" data-widget_type=\"heading.default\">\n\t\t\t\t<div class=\"elementor-widget-container\">\n\t\t\t\t\t<h2 class=\"elementor-heading-title elementor-size-default\">Ce aspecte de s\u0103n\u0103tate acoper\u0103?<\/h2>\t\t\t\t<\/div>\n\t\t\t\t<\/div>\n\t\t\t\t<div class=\"elementor-element elementor-element-05ee5b4 exad-sticky-section-no exad-glass-effect-no elementor-widget elementor-widget-image\" data-id=\"05ee5b4\" data-element_type=\"widget\" data-widget_type=\"image.default\">\n\t\t\t\t<div class=\"elementor-widget-container\">\n\t\t\t\t\t\t\t\t\t\t\t\t\t\t\t<img fetchpriority=\"high\" decoding=\"async\" width=\"768\" height=\"639\" src=\"https:\/\/expandlabs.ro\/wp-content\/uploads\/2025\/10\/DNA-Core_image-1-1024x852-1-768x639.png\" class=\"attachment-medium_large size-medium_large wp-image-9324\" alt=\"DNA Core image 1 1024&#215;852\" srcset=\"https:\/\/expandlabs.ro\/wp-content\/uploads\/2025\/10\/DNA-Core_image-1-1024x852-1-768x639.png 768w, https:\/\/expandlabs.ro\/wp-content\/uploads\/2025\/10\/DNA-Core_image-1-1024x852-1-300x250.png 300w, https:\/\/expandlabs.ro\/wp-content\/uploads\/2025\/10\/DNA-Core_image-1-1024x852-1-14x12.png 14w, https:\/\/expandlabs.ro\/wp-content\/uploads\/2025\/10\/DNA-Core_image-1-1024x852-1.png 1024w\" sizes=\"(max-width: 768px) 100vw, 768px\" \/>\t\t\t\t\t\t\t\t\t\t\t\t\t\t\t<\/div>\n\t\t\t\t<\/div>\n\t\t\t\t<div class=\"elementor-element elementor-element-e4de573 exad-sticky-section-no exad-glass-effect-no elementor-widget elementor-widget-text-editor\" data-id=\"e4de573\" data-element_type=\"widget\" data-widget_type=\"text-editor.default\">\n\t\t\t\t<div class=\"elementor-widget-container\">\n\t\t\t\t\t\t\t\t\t<p data-start=\"393\" data-end=\"431\">The test analyzes <strong data-start=\"411\" data-end=\"430\">4 domenii-cheie<\/strong>:<\/p><ol data-start=\"433\" data-end=\"1139\"><li data-start=\"433\" data-end=\"649\"><p data-start=\"436\" data-end=\"649\"><strong data-start=\"436\" data-end=\"467\">Procese biologice esen\u021biale<\/strong> care influen\u021beaz\u0103 s\u0103n\u0103tatea \u0219i riscul de boal\u0103 \u2013 metabolismul gr\u0103similor, metilarea, detoxifierea, inflama\u021bia \u0219i stresul oxidativ, sensibilitatea la insulin\u0103 \u0219i s\u0103n\u0103tatea oaselor.<\/p><\/li><li data-start=\"650\" data-end=\"838\"><p data-start=\"653\" data-end=\"838\"><strong data-start=\"653\" data-end=\"691\">Nevoile de macro \u0219i micronutrien\u021bi<\/strong>, \u00een func\u021bie de r\u0103spunsul genetic, dar \u0219i riscurile pentru <strong data-start=\"750\" data-end=\"778\">sensibilit\u0103\u021bi alimentare<\/strong> (ex: cofein\u0103, sare) \u0219i <strong data-start=\"802\" data-end=\"817\">intoleran\u021be<\/strong> (gluten, lactoz\u0103).<\/p><\/li><li data-start=\"839\" data-end=\"970\"><p data-start=\"842\" data-end=\"970\"><strong data-start=\"842\" data-end=\"865\">Controlul greut\u0103\u021bii<\/strong> \u2013 riscul genetic de obezitate, comportamentul alimentar (gust\u0103ri, poft\u0103 de dulce) \u0219i ritmul circadian.<\/p><\/li><li data-start=\"971\" data-end=\"1139\"><p data-start=\"974\" data-end=\"1139\"><strong data-start=\"974\" data-end=\"1002\">R\u0103spunsul la efort fizic<\/strong> \u2013 capacitatea de ardere a gr\u0103similor, poten\u021bialul pentru for\u021b\u0103 \u0219i anduran\u021b\u0103, riscul de crampe sau accident\u0103ri \u0219i timpul de recuperare.<\/p><\/li><\/ol><p>\u00a0<\/p>\t\t\t\t\t\t\t\t<\/div>\n\t\t\t\t<\/div>\n\t\t\t\t<div class=\"elementor-element elementor-element-a7dfaf8 exad-sticky-section-no exad-glass-effect-no elementor-widget elementor-widget-heading\" data-id=\"a7dfaf8\" data-element_type=\"widget\" data-widget_type=\"heading.default\">\n\t\t\t\t<div class=\"elementor-widget-container\">\n\t\t\t\t\t<h2 class=\"elementor-heading-title elementor-size-default\">Who is it recommended for?<\/h2>\t\t\t\t<\/div>\n\t\t\t\t<\/div>\n\t\t\t\t<div class=\"elementor-element elementor-element-9993d9e exad-sticky-section-no exad-glass-effect-no elementor-widget elementor-widget-text-editor\" data-id=\"9993d9e\" data-element_type=\"widget\" data-widget_type=\"text-editor.default\">\n\t\t\t\t<div class=\"elementor-widget-container\">\n\t\t\t\t\t\t\t\t\t<p data-start=\"1185\" data-end=\"1380\">DNA Core is useful for <strong data-start=\"1210\" data-end=\"1289\">anyone who wants to understand the genetic basis of their health<\/strong>, to adopt <strong data-start=\"1307\" data-end=\"1334\">personalized strategies<\/strong>.<br data-start=\"1335\" data-end=\"1338\" \/>The report provides clear recommendations for:<\/p><ul data-start=\"1381\" data-end=\"1547\"><li data-start=\"1381\" data-end=\"1410\"><p data-start=\"1383\" data-end=\"1410\"><strong data-start=\"1383\" data-end=\"1408\">Weight management<\/strong><\/p><\/li><li data-start=\"1411\" data-end=\"1447\"><p data-start=\"1413\" data-end=\"1447\"><strong data-start=\"1413\" data-end=\"1445\">Exercise strategies<\/strong><\/p><\/li><li data-start=\"1448\" data-end=\"1501\"><p data-start=\"1450\" data-end=\"1501\"><strong data-start=\"1450\" data-end=\"1499\">Targeted diets and lifestyle interventions<\/strong><\/p><\/li><li data-start=\"1502\" data-end=\"1547\"><p data-start=\"1504\" data-end=\"1547\"><strong data-start=\"1504\" data-end=\"1545\">Personalized nutraceutical supplements<\/strong><\/p><\/li><\/ul><p data-start=\"1549\" data-end=\"1666\">Implementing these recommendations contributes to <strong data-start=\"1597\" data-end=\"1621\">increased longevity<\/strong> and <strong data-start=\"1625\" data-end=\"1663\">reducing the risk of chronic diseases<\/strong>.<\/p><p data-start=\"1549\" data-end=\"1666\">\u00a0<\/p>\t\t\t\t\t\t\t\t<\/div>\n\t\t\t\t<\/div>\n\t\t\t\t<div class=\"elementor-element elementor-element-22fc92b exad-sticky-section-no exad-glass-effect-no elementor-widget elementor-widget-heading\" data-id=\"22fc92b\" data-element_type=\"widget\" data-widget_type=\"heading.default\">\n\t\t\t\t<div class=\"elementor-widget-container\">\n\t\t\t\t\t<h2 class=\"elementor-heading-title elementor-size-default\">Ce tip de informa\u021bii ofer\u0103?<\/h2>\t\t\t\t<\/div>\n\t\t\t\t<\/div>\n\t\t\t\t<div class=\"elementor-element elementor-element-f2a9c89 exad-sticky-section-no exad-glass-effect-no elementor-widget elementor-widget-text-editor\" data-id=\"f2a9c89\" data-element_type=\"widget\" data-widget_type=\"text-editor.default\">\n\t\t\t\t<div class=\"elementor-widget-container\">\n\t\t\t\t\t\t\t\t\t<ul><li data-start=\"1711\" data-end=\"1886\">DNACore analizeaz\u0103 <strong data-start=\"1730\" data-end=\"1761\">varia\u021bii genetice (SNP-uri)<\/strong> studiate \u0219tiin\u021bific, care influen\u021beaz\u0103 modul \u00een care corpul r\u0103spunde la <strong data-start=\"1834\" data-end=\"1863\">nutri\u021bie \u0219i stil de via\u021b\u0103<\/strong>.<br data-start=\"1864\" data-end=\"1867\" \/>Raportul explic\u0103:<\/li><li data-start=\"1887\" data-end=\"1937\"><p data-start=\"1889\" data-end=\"1937\">Ce pot \u00eensemna aceste varia\u021bii pentru s\u0103n\u0103tate<\/p><\/li><li data-start=\"1938\" data-end=\"2049\"><p data-start=\"1940\" data-end=\"2049\">Ce <strong data-start=\"1943\" data-end=\"1992\">interven\u021bii nutri\u021bionale sau de stil de via\u021b\u0103<\/strong> sunt cele mai eficiente \u00een func\u021bie de profilul genetic<\/p><\/li><\/ul><p>\u00a0<\/p>\t\t\t\t\t\t\t\t<\/div>\n\t\t\t\t<\/div>\n\t\t\t\t<div class=\"elementor-element elementor-element-6e7d7a9 exad-sticky-section-no exad-glass-effect-no elementor-widget elementor-widget-heading\" data-id=\"6e7d7a9\" data-element_type=\"widget\" data-widget_type=\"heading.default\">\n\t\t\t\t<div class=\"elementor-widget-container\">\n\t\t\t\t\t<h2 class=\"elementor-heading-title elementor-size-default\">Este u\u0219or de \u00een\u021beles?<\/h2>\t\t\t\t<\/div>\n\t\t\t\t<\/div>\n\t\t\t\t<div class=\"elementor-element elementor-element-bb52489 exad-sticky-section-no exad-glass-effect-no elementor-widget elementor-widget-text-editor\" data-id=\"bb52489\" data-element_type=\"widget\" data-widget_type=\"text-editor.default\">\n\t\t\t\t<div class=\"elementor-widget-container\">\n\t\t\t\t\t\t\t\t\t<p>Da. Raportul DNACore este conceput pentru a fi <strong data-start=\"2135\" data-end=\"2153\">clar \u0219i vizual<\/strong>, cu <strong data-start=\"2158\" data-end=\"2193\">pictograme \u0219i grafice intuitive<\/strong>, astfel \u00eenc\u00e2t at\u00e2t specialistul, c\u00e2t \u0219i pacientul s\u0103 poat\u0103 \u00een\u021belege <strong data-start=\"2262\" data-end=\"2316\">impactul ADN-ului asupra s\u0103n\u0103t\u0103\u021bii \u0219i longevit\u0103\u021bii<\/strong>.<\/p><p>\u00a0<\/p>\t\t\t\t\t\t\t\t<\/div>\n\t\t\t\t<\/div>\n\t\t\t\t<div class=\"elementor-element elementor-element-22f6f38 exad-sticky-section-no exad-glass-effect-no elementor-widget elementor-widget-heading\" data-id=\"22f6f38\" data-element_type=\"widget\" data-widget_type=\"heading.default\">\n\t\t\t\t<div class=\"elementor-widget-container\">\n\t\t\t\t\t<h2 class=\"elementor-heading-title elementor-size-default\">Cu ce alte teste se poate combina DNACore?\n<\/h2>\t\t\t\t<\/div>\n\t\t\t\t<\/div>\n\t\t\t\t<div class=\"elementor-element elementor-element-cf40609 exad-sticky-section-no exad-glass-effect-no elementor-widget elementor-widget-text-editor\" data-id=\"cf40609\" data-element_type=\"widget\" data-widget_type=\"text-editor.default\">\n\t\t\t\t<div class=\"elementor-widget-container\">\n\t\t\t\t\t\t\t\t\t<p data-start=\"2379\" data-end=\"2467\">DNACore este un test complex, care poate fi corelat cu alte teste func\u021bionale, precum:<\/p><ul data-start=\"2468\" data-end=\"2657\"><li data-start=\"2468\" data-end=\"2490\"><p data-start=\"2470\" data-end=\"2490\"><strong data-start=\"2470\" data-end=\"2488\">Acizi organici<\/strong><\/p><\/li><li data-start=\"2491\" data-end=\"2510\"><p data-start=\"2493\" data-end=\"2510\"><strong data-start=\"2493\" data-end=\"2508\">Acizi gra\u0219i<\/strong><\/p><\/li><li data-start=\"2511\" data-end=\"2529\"><p data-start=\"2513\" data-end=\"2529\"><strong data-start=\"2513\" data-end=\"2527\">Vitamina D<\/strong><\/p><\/li><li data-start=\"2530\" data-end=\"2567\"><p data-start=\"2532\" data-end=\"2567\"><strong data-start=\"2532\" data-end=\"2565\">GI Map \u0219i alte teste de scaun<\/strong><\/p><\/li><li data-start=\"2568\" data-end=\"2593\"><p data-start=\"2570\" data-end=\"2593\"><strong data-start=\"2570\" data-end=\"2591\">Panou de metilare<\/strong><\/p><\/li><li data-start=\"2594\" data-end=\"2622\"><p data-start=\"2596\" data-end=\"2622\"><strong data-start=\"2596\" data-end=\"2620\">Test DUTCH (hormoni)<\/strong><\/p><\/li><li data-start=\"2623\" data-end=\"2640\"><p data-start=\"2625\" data-end=\"2640\"><strong data-start=\"2625\" data-end=\"2638\">Lipogram\u0103<\/strong><\/p><\/li><li data-start=\"2641\" data-end=\"2657\"><p data-start=\"2643\" data-end=\"2657\"><strong data-start=\"2643\" data-end=\"2655\">Insulin\u0103<\/strong><\/p><\/li><\/ul><p data-start=\"2659\" data-end=\"2750\" data-is-last-node=\"\" data-is-only-node=\"\">Aceste combina\u021bii ofer\u0103 o imagine complet\u0103 a st\u0103rii de s\u0103n\u0103tate \u0219i a nevoilor organismului.<\/p>\t\t\t\t\t\t\t\t<\/div>\n\t\t\t\t<\/div>\n\t\t\t\t<div class=\"elementor-element elementor-element-3fd9270 elementor-align-center exad-sticky-section-no exad-glass-effect-no elementor-widget elementor-widget-button\" data-id=\"3fd9270\" data-element_type=\"widget\" data-widget_type=\"button.default\">\n\t\t\t\t<div class=\"elementor-widget-container\">\n\t\t\t\t\t\t\t\t\t<div class=\"elementor-button-wrapper\">\n\t\t\t\t\t<a class=\"elementor-button elementor-button-link elementor-size-sm\" href=\"https:\/\/nordic-labs.com\/TestPDFs.ashx?cat=Sample%20Report&#038;pid=8963&#038;catid=71\" target=\"_blank\" rel=\"noopener\">\n\t\t\t\t\t\t<span class=\"elementor-button-content-wrapper\">\n\t\t\t\t\t\t\t\t\t<span class=\"elementor-button-text\">Raport de Exemplu<\/span>\n\t\t\t\t\t<\/span>\n\t\t\t\t\t<\/a>\n\t\t\t\t<\/div>\n\t\t\t\t\t\t\t\t<\/div>\n\t\t\t\t<\/div>\n\t\t\t\t\t<\/div>\n\t\t\t\t<\/div>\n\t\t\t\t<\/div>","protected":false},"excerpt":{"rendered":"<p>DNACORE Rezerv\u0103 acum Ce este DNACore? DNACore este testul nostru principal, conceput pentru a folosi genetica drept funda\u021bie \u00een crearea de interven\u021bii personalizate pentru \u00eembun\u0103t\u0103\u021birea s\u0103n\u0103t\u0103\u021bii.Acesta reune\u0219te informa\u021biile din trei teste existente \u2013 DNA Health, DNA Diet \u0219i DNA Sport \u2013 \u00eentr-un raport complet \u0219i u\u0219or de \u00een\u021beles. \u00a0 Ce aspecte de s\u0103n\u0103tate acoper\u0103? Testul analizeaz\u0103 4 domenii-cheie: Procese biologice esen\u021biale care influen\u021beaz\u0103 s\u0103n\u0103tatea \u0219i riscul de boal\u0103 \u2013 metabolismul gr\u0103similor, metilarea, detoxifierea, inflama\u021bia \u0219i stresul oxidativ, sensibilitatea la insulin\u0103 \u0219i s\u0103n\u0103tatea oaselor. Nevoile de macro \u0219i micronutrien\u021bi, \u00een func\u021bie de r\u0103spunsul genetic, dar \u0219i riscurile pentru sensibilit\u0103\u021bi alimentare (ex: cofein\u0103, sare) \u0219i intoleran\u021be (gluten, lactoz\u0103). Controlul greut\u0103\u021bii \u2013 riscul genetic de obezitate, comportamentul alimentar (gust\u0103ri, poft\u0103 de dulce) \u0219i ritmul circadian. R\u0103spunsul la efort fizic \u2013 capacitatea de ardere a gr\u0103similor, poten\u021bialul pentru for\u021b\u0103 \u0219i anduran\u021b\u0103, riscul de crampe sau accident\u0103ri \u0219i timpul de recuperare. \u00a0 Pentru cine este recomandat? DNACore este util pentru orice persoan\u0103 care dore\u0219te s\u0103 \u00een\u021beleag\u0103 bazele genetice ale s\u0103n\u0103t\u0103\u021bii sale, pentru a adopta strategii personalizate.Raportul ofer\u0103 recomand\u0103ri clare pentru: Gestionarea greut\u0103\u021bii Strategii de exerci\u021biu fizic Diete \u0219i interven\u021bii de stil de via\u021b\u0103 \u021bintite Suplimente nutraceutice personalizate Implementarea acestor recomand\u0103ri contribuie la longevitate crescut\u0103 \u0219i reducerea riscului de boli cronice. \u00a0 Ce tip de informa\u021bii ofer\u0103? DNACore analizeaz\u0103 varia\u021bii genetice (SNP-uri) studiate \u0219tiin\u021bific, care influen\u021beaz\u0103 modul \u00een care corpul r\u0103spunde la nutri\u021bie \u0219i stil de via\u021b\u0103.Raportul explic\u0103: Ce pot \u00eensemna aceste varia\u021bii pentru s\u0103n\u0103tate Ce interven\u021bii nutri\u021bionale sau de stil de via\u021b\u0103 sunt cele mai eficiente \u00een func\u021bie de profilul genetic \u00a0 Este u\u0219or de \u00een\u021beles? Da. Raportul DNACore este conceput pentru a fi clar \u0219i vizual, cu pictograme \u0219i grafice intuitive, astfel \u00eenc\u00e2t at\u00e2t specialistul, c\u00e2t \u0219i pacientul s\u0103 poat\u0103 \u00een\u021belege impactul ADN-ului asupra s\u0103n\u0103t\u0103\u021bii \u0219i longevit\u0103\u021bii. \u00a0 Cu ce alte teste se poate combina DNACore? DNACore este un test complex, care poate fi corelat cu alte teste func\u021bionale, precum: Acizi organici Acizi gra\u0219i Vitamina D GI Map \u0219i alte teste de scaun Panou de metilare Test DUTCH (hormoni) Lipogram\u0103 Insulin\u0103 Aceste combina\u021bii ofer\u0103 o imagine complet\u0103 a st\u0103rii de s\u0103n\u0103tate \u0219i a nevoilor organismului. Raport de Exemplu<\/p>","protected":false},"author":2,"featured_media":0,"parent":0,"menu_order":0,"comment_status":"closed","ping_status":"closed","template":"","meta":{"_acf_changed":false,"footnotes":""},"class_list":["post-9298","page","type-page","status-publish","hentry"],"blocksy_meta":[],"acf":[],"_links":{"self":[{"href":"https:\/\/expandlabs.ro\/en\/wp-json\/wp\/v2\/pages\/9298","targetHints":{"allow":["GET"]}}],"collection":[{"href":"https:\/\/expandlabs.ro\/en\/wp-json\/wp\/v2\/pages"}],"about":[{"href":"https:\/\/expandlabs.ro\/en\/wp-json\/wp\/v2\/types\/page"}],"author":[{"embeddable":true,"href":"https:\/\/expandlabs.ro\/en\/wp-json\/wp\/v2\/users\/2"}],"replies":[{"embeddable":true,"href":"https:\/\/expandlabs.ro\/en\/wp-json\/wp\/v2\/comments?post=9298"}],"version-history":[{"count":13,"href":"https:\/\/expandlabs.ro\/en\/wp-json\/wp\/v2\/pages\/9298\/revisions"}],"predecessor-version":[{"id":9427,"href":"https:\/\/expandlabs.ro\/en\/wp-json\/wp\/v2\/pages\/9298\/revisions\/9427"}],"wp:attachment":[{"href":"https:\/\/expandlabs.ro\/en\/wp-json\/wp\/v2\/media?parent=9298"}],"curies":[{"name":"wp","href":"https:\/\/api.w.org\/{rel}","templated":true}]}}