{"id":9034,"date":"2025-08-29T17:29:28","date_gmt":"2025-08-29T15:29:28","guid":{"rendered":"https:\/\/expandlabs.ro\/?page_id=9034"},"modified":"2026-03-13T15:33:41","modified_gmt":"2026-03-13T13:33:41","slug":"microbiom","status":"publish","type":"page","link":"https:\/\/expandlabs.ro\/en\/microbiom\/","title":{"rendered":"microbiom"},"content":{"rendered":"<div data-elementor-type=\"wp-page\" data-elementor-id=\"9034\" class=\"elementor elementor-9034\" data-elementor-post-type=\"page\">\n\t\t\t\t<div class=\"elementor-element elementor-element-576de5e e-con-full e-flex wpr-particle-no wpr-jarallax-no wpr-parallax-no wpr-sticky-section-no e-con e-parent\" data-id=\"576de5e\" data-element_type=\"container\" data-settings=\"{&quot;background_background&quot;:&quot;classic&quot;}\">\n\t\t\t\t<div class=\"elementor-element elementor-element-16117ef exad-sticky-section-no exad-glass-effect-no elementor-widget elementor-widget-heading\" data-id=\"16117ef\" data-element_type=\"widget\" data-widget_type=\"heading.default\">\n\t\t\t\t<div class=\"elementor-widget-container\">\n\t\t\t\t\t<h1 class=\"elementor-heading-title elementor-size-default\">Analiza Microbiomului Intestinal pentru S\u0103n\u0103tate Optim\u0103<\/h1>\t\t\t\t<\/div>\n\t\t\t\t<\/div>\n\t\t\t\t<div class=\"elementor-element elementor-element-5c73a2b animated-fast exad-sticky-section-no exad-glass-effect-no elementor-invisible elementor-widget elementor-widget-text-editor\" data-id=\"5c73a2b\" data-element_type=\"widget\" data-settings=\"{&quot;_animation&quot;:&quot;fadeInUp&quot;}\" data-widget_type=\"text-editor.default\">\n\t\t\t\t<div class=\"elementor-widget-container\">\n\t\t\t\t\t\t\t\t\t<p id=\"vTMtNnt4lhKG3R75\">The microbiome is the totality of microorganisms (bacteria, viruses, fungi) and their genes that live in and on the body, playing an essential role in health and biological balance.<\/p>\t\t\t\t\t\t\t\t<\/div>\n\t\t\t\t<\/div>\n\t\t\t\t<div class=\"elementor-element elementor-element-286666e elementor-align-center exad-sticky-section-no exad-glass-effect-no elementor-widget elementor-widget-button\" data-id=\"286666e\" data-element_type=\"widget\" data-widget_type=\"button.default\">\n\t\t\t\t<div class=\"elementor-widget-container\">\n\t\t\t\t\t\t\t\t\t<div class=\"elementor-button-wrapper\">\n\t\t\t\t\t<a class=\"elementor-button elementor-size-sm\" role=\"button\">\n\t\t\t\t\t\t<span class=\"elementor-button-content-wrapper\">\n\t\t\t\t\t\t\t\t\t<span class=\"elementor-button-text\">Book now<\/span>\n\t\t\t\t\t<\/span>\n\t\t\t\t\t<\/a>\n\t\t\t\t<\/div>\n\t\t\t\t\t\t\t\t<\/div>\n\t\t\t\t<\/div>\n\t\t\t\t<\/div>\n\t\t<div class=\"elementor-element elementor-element-b14f3d9 e-flex e-con-boxed wpr-particle-no wpr-jarallax-no wpr-parallax-no wpr-sticky-section-no e-con e-parent\" data-id=\"b14f3d9\" data-element_type=\"container\" data-settings=\"{&quot;background_background&quot;:&quot;classic&quot;}\">\n\t\t\t\t\t<div class=\"e-con-inner\">\n\t\t<div class=\"elementor-element elementor-element-7faa3c5 e-con-full e-flex wpr-particle-no wpr-jarallax-no wpr-parallax-no wpr-sticky-section-no e-con e-child\" data-id=\"7faa3c5\" data-element_type=\"container\">\n\t\t\t\t<div class=\"elementor-element elementor-element-a87fdb6 animated-fast exad-sticky-section-no exad-glass-effect-no elementor-invisible elementor-widget elementor-widget-text-editor\" data-id=\"a87fdb6\" data-element_type=\"widget\" data-settings=\"{&quot;_animation&quot;:&quot;fadeInUp&quot;}\" data-widget_type=\"text-editor.default\">\n\t\t\t\t<div class=\"elementor-widget-container\">\n\t\t\t\t\t\t\t\t\t<p>Microbiome<\/p>\t\t\t\t\t\t\t\t<\/div>\n\t\t\t\t<\/div>\n\t\t\t\t<div class=\"elementor-element elementor-element-a9e1d5a animated-fast exad-sticky-section-no exad-glass-effect-no elementor-invisible elementor-widget elementor-widget-heading\" data-id=\"a9e1d5a\" data-element_type=\"widget\" data-settings=\"{&quot;_animation&quot;:&quot;fadeInUp&quot;}\" data-widget_type=\"heading.default\">\n\t\t\t\t<div class=\"elementor-widget-container\">\n\t\t\t\t\t<h2 class=\"elementor-heading-title elementor-size-default\">What is the microbiome?<\/h2>\t\t\t\t<\/div>\n\t\t\t\t<\/div>\n\t\t\t\t<div class=\"elementor-element elementor-element-6db327f exad-sticky-section-no exad-glass-effect-no elementor-widget elementor-widget-text-editor\" data-id=\"6db327f\" data-element_type=\"widget\" data-widget_type=\"text-editor.default\">\n\t\t\t\t<div class=\"elementor-widget-container\">\n\t\t\t\t\t\t\t\t\t<p class=\"!text-neutral-a12\"><strong class=\"!text-neutral-a12\">The gut microbiome<\/strong>\u00a0It is made up of trillions of microorganisms (bacteria, viruses, fungi, archaea, etc.) that live in the gut and play an essential role in human health. They contribute to digestion, immunity, and protection against disease.<\/p><p class=\"!text-neutral-a12\"><strong>Microbiome imbalances<\/strong> are associated with numerous conditions, such as:<\/p><ul><li>inflammatory bowel diseases,<\/li><li>metabolic diseases,<\/li><li>cardiovascular diseases,<\/li><li>neurodegenerative diseases,<\/li><li>mental health disorders.<\/li><\/ul><p>\u00a0<\/p>\t\t\t\t\t\t\t\t<\/div>\n\t\t\t\t<\/div>\n\t\t\t\t<\/div>\n\t\t<div class=\"elementor-element elementor-element-358989f e-con-full e-flex wpr-particle-no wpr-jarallax-no wpr-parallax-no wpr-sticky-section-no e-con e-child\" data-id=\"358989f\" data-element_type=\"container\">\n\t\t\t\t<div class=\"elementor-element elementor-element-f869c70 exad-sticky-section-no exad-glass-effect-no elementor-widget elementor-widget-image\" data-id=\"f869c70\" data-element_type=\"widget\" data-widget_type=\"image.default\">\n\t\t\t\t<div class=\"elementor-widget-container\">\n\t\t\t\t\t\t\t\t\t\t\t\t\t\t\t<img fetchpriority=\"high\" decoding=\"async\" width=\"708\" height=\"639\" src=\"https:\/\/expandlabs.ro\/wp-content\/uploads\/2025\/11\/Screenshot-2025-11-09-184015.png\" class=\"attachment-large size-large wp-image-9616\" alt=\"Expand Labs \u2014 clinic\u0103 de longevitate \u0219i s\u0103n\u0103tate \u00een Bucure\u0219ti\" srcset=\"https:\/\/expandlabs.ro\/wp-content\/uploads\/2025\/11\/Screenshot-2025-11-09-184015.png 708w, https:\/\/expandlabs.ro\/wp-content\/uploads\/2025\/11\/Screenshot-2025-11-09-184015-300x271.png 300w, https:\/\/expandlabs.ro\/wp-content\/uploads\/2025\/11\/Screenshot-2025-11-09-184015-13x12.png 13w\" sizes=\"(max-width: 708px) 100vw, 708px\" \/>\t\t\t\t\t\t\t\t\t\t\t\t\t\t\t<\/div>\n\t\t\t\t<\/div>\n\t\t\t\t<\/div>\n\t\t\t\t\t<\/div>\n\t\t\t\t<\/div>\n\t\t<div class=\"elementor-element elementor-element-f7082ce e-flex e-con-boxed wpr-particle-no wpr-jarallax-no wpr-parallax-no wpr-sticky-section-no e-con e-parent\" data-id=\"f7082ce\" data-element_type=\"container\" data-settings=\"{&quot;background_background&quot;:&quot;classic&quot;}\">\n\t\t\t\t\t<div class=\"e-con-inner\">\n\t\t<div class=\"elementor-element elementor-element-b114ab4 e-con-full e-flex wpr-particle-no wpr-jarallax-no wpr-parallax-no wpr-sticky-section-no e-con e-child\" data-id=\"b114ab4\" data-element_type=\"container\">\n\t\t\t\t<div class=\"elementor-element elementor-element-b7fd397 exad-sticky-section-no exad-glass-effect-no elementor-widget elementor-widget-image\" data-id=\"b7fd397\" data-element_type=\"widget\" data-widget_type=\"image.default\">\n\t\t\t\t<div class=\"elementor-widget-container\">\n\t\t\t\t\t\t\t\t\t\t\t\t\t\t\t<img decoding=\"async\" width=\"745\" height=\"691\" data-src=\"https:\/\/expandlabs.ro\/wp-content\/uploads\/2025\/11\/Screenshot-2025-11-09-183933.png\" class=\"attachment-large size-large wp-image-9620 lazyload\" alt=\"Expand Labs \u2014 clinic\u0103 de longevitate \u0219i s\u0103n\u0103tate \u00een Bucure\u0219ti\" data-srcset=\"https:\/\/expandlabs.ro\/wp-content\/uploads\/2025\/11\/Screenshot-2025-11-09-183933.png 745w, https:\/\/expandlabs.ro\/wp-content\/uploads\/2025\/11\/Screenshot-2025-11-09-183933-300x278.png 300w, https:\/\/expandlabs.ro\/wp-content\/uploads\/2025\/11\/Screenshot-2025-11-09-183933-13x12.png 13w\" data-sizes=\"(max-width: 745px) 100vw, 745px\" src=\"data:image\/svg+xml;base64,PHN2ZyB3aWR0aD0iMSIgaGVpZ2h0PSIxIiB4bWxucz0iaHR0cDovL3d3dy53My5vcmcvMjAwMC9zdmciPjwvc3ZnPg==\" style=\"--smush-placeholder-width: 745px; --smush-placeholder-aspect-ratio: 745\/691;\" \/>\t\t\t\t\t\t\t\t\t\t\t\t\t\t\t<\/div>\n\t\t\t\t<\/div>\n\t\t\t\t<\/div>\n\t\t<div class=\"elementor-element elementor-element-3f9bc65 e-con-full e-flex wpr-particle-no wpr-jarallax-no wpr-parallax-no wpr-sticky-section-no e-con e-child\" data-id=\"3f9bc65\" data-element_type=\"container\">\n\t\t\t\t<div class=\"elementor-element elementor-element-2497930 animated-fast exad-sticky-section-no exad-glass-effect-no elementor-invisible elementor-widget elementor-widget-text-editor\" data-id=\"2497930\" data-element_type=\"widget\" data-settings=\"{&quot;_animation&quot;:&quot;fadeInUp&quot;}\" data-widget_type=\"text-editor.default\">\n\t\t\t\t<div class=\"elementor-widget-container\">\n\t\t\t\t\t\t\t\t\t<p class=\"p1\">Microbiome<\/p>\t\t\t\t\t\t\t\t<\/div>\n\t\t\t\t<\/div>\n\t\t\t\t<div class=\"elementor-element elementor-element-a829aac animated-fast exad-sticky-section-no exad-glass-effect-no elementor-invisible elementor-widget elementor-widget-heading\" data-id=\"a829aac\" data-element_type=\"widget\" data-settings=\"{&quot;_animation&quot;:&quot;fadeInUp&quot;}\" data-widget_type=\"heading.default\">\n\t\t\t\t<div class=\"elementor-widget-container\">\n\t\t\t\t\t<h2 class=\"elementor-heading-title elementor-size-default\">What is the myBiome test?<\/h2>\t\t\t\t<\/div>\n\t\t\t\t<\/div>\n\t\t\t\t<div class=\"elementor-element elementor-element-e02b4d8 exad-sticky-section-no exad-glass-effect-no elementor-widget elementor-widget-text-editor\" data-id=\"e02b4d8\" data-element_type=\"widget\" data-widget_type=\"text-editor.default\">\n\t\t\t\t<div class=\"elementor-widget-container\">\n\t\t\t\t\t\t\t\t\t<p class=\"!text-neutral-a12\">myBIOME is a\u00a0<strong class=\"!text-neutral-a12\">metagenomic sequencing test<\/strong>\u00a0A state-of-the-art test that analyzes the gut microbiome in detail. It provides information about the types of microorganisms in the gut, their functionality, and their impact on health. Based on the results, the test includes\u00a0<strong class=\"!text-neutral-a12\">personalized nutritional recommendations<\/strong>\u00a0to restore microbiome balance and support overall health.<\/p>\t\t\t\t\t\t\t\t<\/div>\n\t\t\t\t<\/div>\n\t\t\t\t<\/div>\n\t\t\t\t\t<\/div>\n\t\t\t\t<\/div>\n\t\t<div class=\"elementor-element elementor-element-7768895 e-flex e-con-boxed wpr-particle-no wpr-jarallax-no wpr-parallax-no wpr-sticky-section-no e-con e-parent\" data-id=\"7768895\" data-element_type=\"container\" data-settings=\"{&quot;background_background&quot;:&quot;classic&quot;}\">\n\t\t\t\t\t<div class=\"e-con-inner\">\n\t\t<div class=\"elementor-element elementor-element-31e8fa7 e-con-full e-flex wpr-particle-no wpr-jarallax-no wpr-parallax-no wpr-sticky-section-no e-con e-child\" data-id=\"31e8fa7\" data-element_type=\"container\">\n\t\t\t\t<div class=\"elementor-element elementor-element-f3cfb76 animated-fast exad-sticky-section-no exad-glass-effect-no elementor-invisible elementor-widget elementor-widget-text-editor\" data-id=\"f3cfb76\" data-element_type=\"widget\" data-settings=\"{&quot;_animation&quot;:&quot;fadeInUp&quot;}\" data-widget_type=\"text-editor.default\">\n\t\t\t\t<div class=\"elementor-widget-container\">\n\t\t\t\t\t\t\t\t\t<p class=\"p1\">Microbiome<\/p>\t\t\t\t\t\t\t\t<\/div>\n\t\t\t\t<\/div>\n\t\t\t\t<div class=\"elementor-element elementor-element-29bc05d animated-fast exad-sticky-section-no exad-glass-effect-no elementor-invisible elementor-widget elementor-widget-heading\" data-id=\"29bc05d\" data-element_type=\"widget\" data-settings=\"{&quot;_animation&quot;:&quot;fadeInUp&quot;}\" data-widget_type=\"heading.default\">\n\t\t\t\t<div class=\"elementor-widget-container\">\n\t\t\t\t\t<h2 class=\"elementor-heading-title elementor-size-default\">What information does the myBIOME report provide?\n\n<\/h2>\t\t\t\t<\/div>\n\t\t\t\t<\/div>\n\t\t\t\t<div class=\"elementor-element elementor-element-f40b325 exad-sticky-section-no exad-glass-effect-no elementor-widget elementor-widget-text-editor\" data-id=\"f40b325\" data-element_type=\"widget\" data-widget_type=\"text-editor.default\">\n\t\t\t\t<div class=\"elementor-widget-container\">\n\t\t\t\t\t\t\t\t\t<ul>\n<li data-start=\"0\" data-end=\"108\">\n<p data-start=\"0\" data-end=\"102\"><strong data-start=\"0\" data-end=\"26\">Microbial diversity<\/strong> \u2013 indicates the variety of species in the intestine, a sign of a healthy flora.<\/p>\n<\/li>\n<li data-start=\"0\" data-end=\"108\">\n<p data-start=\"0\" data-end=\"102\"><strong data-start=\"104\" data-end=\"125\">Species of interest<\/strong> \u2013 identifies beneficial and potentially pathogenic bacteria.<\/p>\n<\/li>\n<li data-start=\"0\" data-end=\"108\">\n<p data-start=\"0\" data-end=\"102\"><strong data-start=\"193\" data-end=\"218\">Digestion potential<\/strong> \u2013 shows how well the microbiome digests fiber, protein, and intestinal mucus.<\/p>\n<\/li>\n<li data-start=\"0\" data-end=\"108\">\n<p data-start=\"0\" data-end=\"102\"><strong data-start=\"304\" data-end=\"325\">Sample composition<\/strong> \u2013 shows the proportion of microorganisms (bacteria, fungi, yeasts, etc.) and the percentage of human DNA, useful for detecting inflammation.<\/p>\n<\/li>\n<li data-start=\"0\" data-end=\"108\">\n<p data-start=\"0\" data-end=\"102\"><strong data-start=\"464\" data-end=\"486\">Microbial functions<\/strong> \u2013 analyzes genes and metabolites produced (fatty acids, vitamins, GABA, histamine), associated with beneficial effects or disease risks.<\/p>\n<\/li>\n<li data-start=\"0\" data-end=\"108\">\n<p data-start=\"0\" data-end=\"102\"><strong data-start=\"625\" data-end=\"667\">Personalized nutritional recommendations<\/strong> \u2013 food list adapted to the needs of the microbiome, adjustable according to allergies or intolerances.<\/p>\n<\/li>\n<\/ul>\t\t\t\t\t\t\t\t<\/div>\n\t\t\t\t<\/div>\n\t\t\t\t<\/div>\n\t\t<div class=\"elementor-element elementor-element-f863e04 e-con-full e-flex wpr-particle-no wpr-jarallax-no wpr-parallax-no wpr-sticky-section-no e-con e-child\" data-id=\"f863e04\" data-element_type=\"container\">\n\t\t\t\t<div class=\"elementor-element elementor-element-d900bba exad-sticky-section-no exad-glass-effect-no elementor-widget elementor-widget-image\" data-id=\"d900bba\" data-element_type=\"widget\" data-widget_type=\"image.default\">\n\t\t\t\t<div class=\"elementor-widget-container\">\n\t\t\t\t\t\t\t\t\t\t\t\t\t\t\t<img decoding=\"async\" width=\"742\" height=\"611\" data-src=\"https:\/\/expandlabs.ro\/wp-content\/uploads\/2025\/11\/Screenshot-2025-11-09-183856.png\" class=\"attachment-large size-large wp-image-9612 lazyload\" alt=\"Expand Labs \u2014 clinic\u0103 de longevitate \u0219i s\u0103n\u0103tate \u00een Bucure\u0219ti\" data-srcset=\"https:\/\/expandlabs.ro\/wp-content\/uploads\/2025\/11\/Screenshot-2025-11-09-183856.png 742w, https:\/\/expandlabs.ro\/wp-content\/uploads\/2025\/11\/Screenshot-2025-11-09-183856-300x247.png 300w, https:\/\/expandlabs.ro\/wp-content\/uploads\/2025\/11\/Screenshot-2025-11-09-183856-15x12.png 15w\" data-sizes=\"(max-width: 742px) 100vw, 742px\" src=\"data:image\/svg+xml;base64,PHN2ZyB3aWR0aD0iMSIgaGVpZ2h0PSIxIiB4bWxucz0iaHR0cDovL3d3dy53My5vcmcvMjAwMC9zdmciPjwvc3ZnPg==\" style=\"--smush-placeholder-width: 742px; --smush-placeholder-aspect-ratio: 742\/611;\" \/>\t\t\t\t\t\t\t\t\t\t\t\t\t\t\t<\/div>\n\t\t\t\t<\/div>\n\t\t\t\t<\/div>\n\t\t\t\t\t<\/div>\n\t\t\t\t<\/div>\n\t\t<div class=\"elementor-element elementor-element-6782fee e-flex e-con-boxed wpr-particle-no wpr-jarallax-no wpr-parallax-no wpr-sticky-section-no e-con e-parent\" data-id=\"6782fee\" data-element_type=\"container\" data-settings=\"{&quot;background_background&quot;:&quot;classic&quot;}\">\n\t\t\t\t\t<div class=\"e-con-inner\">\n\t\t\t\t<div class=\"elementor-element elementor-element-b36d51e animated-fast exad-sticky-section-no exad-glass-effect-no elementor-invisible elementor-widget elementor-widget-heading\" data-id=\"b36d51e\" data-element_type=\"widget\" data-settings=\"{&quot;_animation&quot;:&quot;fadeInUp&quot;}\" data-widget_type=\"heading.default\">\n\t\t\t\t<div class=\"elementor-widget-container\">\n\t\t\t\t\t<h2 class=\"elementor-heading-title elementor-size-default\">FAQ's<\/h2>\t\t\t\t<\/div>\n\t\t\t\t<\/div>\n\t\t\t\t<div class=\"elementor-element elementor-element-87f1120 elementor-widget__width-initial exad-sticky-section-no exad-glass-effect-no elementor-widget elementor-widget-toggle\" data-id=\"87f1120\" data-element_type=\"widget\" data-widget_type=\"toggle.default\">\n\t\t\t\t<div class=\"elementor-widget-container\">\n\t\t\t\t\t\t\t<div class=\"elementor-toggle\">\n\t\t\t\t\t\t\t<div class=\"elementor-toggle-item\">\n\t\t\t\t\t<div id=\"elementor-tab-title-1421\" class=\"elementor-tab-title\" data-tab=\"1\" role=\"button\" aria-controls=\"elementor-tab-content-1421\" aria-expanded=\"false\">\n\t\t\t\t\t\t\t\t\t\t\t\t<span class=\"elementor-toggle-icon elementor-toggle-icon-left\" aria-hidden=\"true\">\n\t\t\t\t\t\t\t\t\t\t\t\t\t\t\t<span class=\"elementor-toggle-icon-closed\"><svg class=\"e-font-icon-svg e-fas-plus\" viewbox=\"0 0 448 512\" xmlns=\"http:\/\/www.w3.org\/2000\/svg\"><path d=\"M416 208H272V64c0-17.67-14.33-32-32-32h-32c-17.67 0-32 14.33-32 32v144H32c-17.67 0-32 14.33-32 32v32c0 17.67 14.33 32 32 32h144v144c0 17.67 14.33 32 32 32h32c17.67 0 32-14.33 32-32V304h144c17.67 0 32-14.33 32-32v-32c0-17.67-14.33-32-32-32z\"><\/path><\/svg><\/span>\n\t\t\t\t\t\t\t\t<span class=\"elementor-toggle-icon-opened\"><svg class=\"elementor-toggle-icon-opened e-font-icon-svg e-fas-minus\" viewbox=\"0 0 448 512\" xmlns=\"http:\/\/www.w3.org\/2000\/svg\"><path d=\"M416 208H32c-17.67 0-32 14.33-32 32v32c0 17.67 14.33 32 32 32h384c17.67 0 32-14.33 32-32v-32c0-17.67-14.33-32-32-32z\"><\/path><\/svg><\/span>\n\t\t\t\t\t\t\t\t\t\t\t\t\t<\/span>\n\t\t\t\t\t\t\t\t\t\t\t\t<a class=\"elementor-toggle-title\" tabindex=\"0\">How is the sample collected?<\/a>\n\t\t\t\t\t<\/div>\n\n\t\t\t\t\t<div id=\"elementor-tab-content-1421\" class=\"elementor-tab-content elementor-clearfix\" data-tab=\"1\" role=\"region\" aria-labelledby=\"elementor-tab-title-1421\"><p>The sample is collected at home, from the stool, using a special kit and dedicated instructions, then it is sent to the laboratory for analysis.<\/p><\/div>\n\t\t\t\t<\/div>\n\t\t\t\t\t\t\t<div class=\"elementor-toggle-item\">\n\t\t\t\t\t<div id=\"elementor-tab-title-1422\" class=\"elementor-tab-title\" data-tab=\"2\" role=\"button\" aria-controls=\"elementor-tab-content-1422\" aria-expanded=\"false\">\n\t\t\t\t\t\t\t\t\t\t\t\t<span class=\"elementor-toggle-icon elementor-toggle-icon-left\" aria-hidden=\"true\">\n\t\t\t\t\t\t\t\t\t\t\t\t\t\t\t<span class=\"elementor-toggle-icon-closed\"><svg class=\"e-font-icon-svg e-fas-plus\" viewbox=\"0 0 448 512\" xmlns=\"http:\/\/www.w3.org\/2000\/svg\"><path d=\"M416 208H272V64c0-17.67-14.33-32-32-32h-32c-17.67 0-32 14.33-32 32v144H32c-17.67 0-32 14.33-32 32v32c0 17.67 14.33 32 32 32h144v144c0 17.67 14.33 32 32 32h32c17.67 0 32-14.33 32-32V304h144c17.67 0 32-14.33 32-32v-32c0-17.67-14.33-32-32-32z\"><\/path><\/svg><\/span>\n\t\t\t\t\t\t\t\t<span class=\"elementor-toggle-icon-opened\"><svg class=\"elementor-toggle-icon-opened e-font-icon-svg e-fas-minus\" viewbox=\"0 0 448 512\" xmlns=\"http:\/\/www.w3.org\/2000\/svg\"><path d=\"M416 208H32c-17.67 0-32 14.33-32 32v32c0 17.67 14.33 32 32 32h384c17.67 0 32-14.33 32-32v-32c0-17.67-14.33-32-32-32z\"><\/path><\/svg><\/span>\n\t\t\t\t\t\t\t\t\t\t\t\t\t<\/span>\n\t\t\t\t\t\t\t\t\t\t\t\t<a class=\"elementor-toggle-title\" tabindex=\"0\">Is sample collection painful or uncomfortable?<\/a>\n\t\t\t\t\t<\/div>\n\n\t\t\t\t\t<div id=\"elementor-tab-content-1422\" class=\"elementor-tab-content elementor-clearfix\" data-tab=\"2\" role=\"region\" aria-labelledby=\"elementor-tab-title-1422\"><p>No, the procedure is non-invasive, simple and does not cause discomfort.<\/p><\/div>\n\t\t\t\t<\/div>\n\t\t\t\t\t\t\t<div class=\"elementor-toggle-item\">\n\t\t\t\t\t<div id=\"elementor-tab-title-1423\" class=\"elementor-tab-title\" data-tab=\"3\" role=\"button\" aria-controls=\"elementor-tab-content-1423\" aria-expanded=\"false\">\n\t\t\t\t\t\t\t\t\t\t\t\t<span class=\"elementor-toggle-icon elementor-toggle-icon-left\" aria-hidden=\"true\">\n\t\t\t\t\t\t\t\t\t\t\t\t\t\t\t<span class=\"elementor-toggle-icon-closed\"><svg class=\"e-font-icon-svg e-fas-plus\" viewbox=\"0 0 448 512\" xmlns=\"http:\/\/www.w3.org\/2000\/svg\"><path d=\"M416 208H272V64c0-17.67-14.33-32-32-32h-32c-17.67 0-32 14.33-32 32v144H32c-17.67 0-32 14.33-32 32v32c0 17.67 14.33 32 32 32h144v144c0 17.67 14.33 32 32 32h32c17.67 0 32-14.33 32-32V304h144c17.67 0 32-14.33 32-32v-32c0-17.67-14.33-32-32-32z\"><\/path><\/svg><\/span>\n\t\t\t\t\t\t\t\t<span class=\"elementor-toggle-icon-opened\"><svg class=\"elementor-toggle-icon-opened e-font-icon-svg e-fas-minus\" viewbox=\"0 0 448 512\" xmlns=\"http:\/\/www.w3.org\/2000\/svg\"><path d=\"M416 208H32c-17.67 0-32 14.33-32 32v32c0 17.67 14.33 32 32 32h384c17.67 0 32-14.33 32-32v-32c0-17.67-14.33-32-32-32z\"><\/path><\/svg><\/span>\n\t\t\t\t\t\t\t\t\t\t\t\t\t<\/span>\n\t\t\t\t\t\t\t\t\t\t\t\t<a class=\"elementor-toggle-title\" tabindex=\"0\">How long does it take to get the results?<\/a>\n\t\t\t\t\t<\/div>\n\n\t\t\t\t\t<div id=\"elementor-tab-content-1423\" class=\"elementor-tab-content elementor-clearfix\" data-tab=\"3\" role=\"region\" aria-labelledby=\"elementor-tab-title-1423\"><p class=\"!text-neutral-a12\">Typically, results can be available within 2-4 weeks from the date the sample arrives at the laboratory.<\/p><\/div>\n\t\t\t\t<\/div>\n\t\t\t\t\t\t\t\t<\/div>\n\t\t\t\t\t\t<\/div>\n\t\t\t\t<\/div>\n\t\t\t\t\t<\/div>\n\t\t\t\t<\/div>\n\t\t\t\t<\/div>","protected":false},"excerpt":{"rendered":"<p>Microbiom Microbiomul este totalitatea microorganismelor (bacterii, virusuri, fungi) \u0219i a genelor lor care tr\u0103iesc \u00een \u0219i pe organism, av\u00e2nd un rol esen\u021bial \u00een s\u0103n\u0103tate \u0219i echilibru biologic. Rezerv\u0103 acum Microbiom Ce este microbiomul? Microbiomul intestinal\u00a0este alc\u0103tuit din trilioane de microorganisme (bacterii, virusuri, fungi, arhee etc.) care tr\u0103iesc \u00een intestin \u0219i joac\u0103 un rol esen\u021bial \u00een s\u0103n\u0103tatea uman\u0103. Acestea contribuie la digestie, imunitate \u0219i protec\u021bia \u00eempotriva bolilor. Dezechilibrele microbiomului sunt asociate cu numeroase afec\u021biuni, cum ar fi: boli inflamatorii intestinale, boli metabolice, boli cardiovasculare, boli neurodegenerative, tulbur\u0103ri de s\u0103n\u0103tate mintal\u0103. \u00a0 Microbiom Ce este testul myBiome? myBIOME este un\u00a0test de secven\u021biere metagenomic\u0103\u00a0de ultim\u0103 genera\u021bie, care analizeaz\u0103 \u00een detaliu microbiomul intestinal. El ofer\u0103 informa\u021bii despre tipurile de microorganisme din intestin, func\u021bionalitatea lor \u0219i impactul asupra s\u0103n\u0103t\u0103\u021bii. Pe baza rezultatelor, testul include\u00a0recomand\u0103ri nutri\u021bionale personalizate\u00a0pentru a restabili echilibrul microbiomului \u0219i pentru a sprijini s\u0103n\u0103tatea general\u0103. Microbiom Ce informa\u021bii ofer\u0103 raportul myBIOME? Diversitate microbian\u0103 \u2013 indic\u0103 varietatea speciilor din intestin, semn al unei flore s\u0103n\u0103toase. Specii de interes \u2013 identific\u0103 bacteriile benefice \u0219i pe cele poten\u021bial patogene. Potential de digestie \u2013 arat\u0103 c\u00e2t de bine microbiomul diger\u0103 fibrele, proteinele \u0219i mucusul intestinal. Compozi\u021bia probei \u2013 prezint\u0103 propor\u021bia microorganismelor (bacterii, fungi, drojdii etc.) \u0219i procentul de ADN uman, util pentru depistarea inflama\u021biilor. Func\u021bii microbiene \u2013 analizeaz\u0103 genele \u0219i metaboli\u021bii produ\u0219i (acizi gra\u0219i, vitamine, GABA, histamin\u0103), asocia\u021bi cu efecte benefice sau riscuri de boal\u0103. Recomand\u0103ri nutri\u021bionale personalizate \u2013 list\u0103 de alimente adaptat\u0103 nevoilor microbiomului, ajustabil\u0103 \u00een func\u021bie de alergii sau intoleran\u021be. FAQ&#8217;s Cum se face recoltarea probei? Proba se recolteaz\u0103 acas\u0103, din scaun, folosind un kit special \u0219i instruc\u021biuni dedicate, apoi este trimis\u0103 la laborator pentru analiz\u0103. Este recoltarea probei dureroas\u0103 sau incomod\u0103? Nu, procedura este neinvaziv\u0103, simpl\u0103 \u0219i nu produce disconfort. C\u00e2t dureaz\u0103 p\u00e2n\u0103 primesc rezultatele? De obicei, rezultatele pot fi disponibile \u00een 2-4 s\u0103pt\u0103m\u00e2ni de la data la care proba ajunge \u00een laborator.<\/p>","protected":false},"author":2,"featured_media":0,"parent":0,"menu_order":0,"comment_status":"closed","ping_status":"closed","template":"","meta":{"_acf_changed":false,"footnotes":""},"class_list":["post-9034","page","type-page","status-publish","hentry"],"blocksy_meta":[],"acf":[],"_links":{"self":[{"href":"https:\/\/expandlabs.ro\/en\/wp-json\/wp\/v2\/pages\/9034","targetHints":{"allow":["GET"]}}],"collection":[{"href":"https:\/\/expandlabs.ro\/en\/wp-json\/wp\/v2\/pages"}],"about":[{"href":"https:\/\/expandlabs.ro\/en\/wp-json\/wp\/v2\/types\/page"}],"author":[{"embeddable":true,"href":"https:\/\/expandlabs.ro\/en\/wp-json\/wp\/v2\/users\/2"}],"replies":[{"embeddable":true,"href":"https:\/\/expandlabs.ro\/en\/wp-json\/wp\/v2\/comments?post=9034"}],"version-history":[{"count":23,"href":"https:\/\/expandlabs.ro\/en\/wp-json\/wp\/v2\/pages\/9034\/revisions"}],"predecessor-version":[{"id":11105,"href":"https:\/\/expandlabs.ro\/en\/wp-json\/wp\/v2\/pages\/9034\/revisions\/11105"}],"wp:attachment":[{"href":"https:\/\/expandlabs.ro\/en\/wp-json\/wp\/v2\/media?parent=9034"}],"curies":[{"name":"wp","href":"https:\/\/api.w.org\/{rel}","templated":true}]}}